{"id":1565,"date":"2023-09-26T08:44:40","date_gmt":"2023-09-26T06:44:40","guid":{"rendered":"https:\/\/dev.laterumhotel.hu\/fooldal\/"},"modified":"2024-03-22T07:39:37","modified_gmt":"2024-03-22T06:39:37","slug":"fooldal","status":"publish","type":"page","link":"https:\/\/dev.laterumhotel.hu\/en\/","title":{"rendered":"Home"},"content":{"rendered":"\n<div class=\"wp-block-cover alignfull is-light\"><span aria-hidden=\"true\" class=\"wp-block-cover__background has-background-dim\"><\/span><img loading=\"lazy\" decoding=\"async\" width=\"1920\" height=\"480\" class=\"wp-block-cover__image-background wp-image-142\" alt=\"\" src=\"https:\/\/dev.laterumhotel.hu\/app\/uploads\/2023\/10\/front-page-bg.jpg\" data-object-fit=\"cover\" srcset=\"https:\/\/dev.laterumhotel.hu\/app\/uploads\/2023\/10\/front-page-bg.jpg 1920w, https:\/\/dev.laterumhotel.hu\/app\/uploads\/2023\/10\/front-page-bg-300x75.jpg 300w, https:\/\/dev.laterumhotel.hu\/app\/uploads\/2023\/10\/front-page-bg-1024x256.jpg 1024w, https:\/\/dev.laterumhotel.hu\/app\/uploads\/2023\/10\/front-page-bg-768x192.jpg 768w, https:\/\/dev.laterumhotel.hu\/app\/uploads\/2023\/10\/front-page-bg-1536x384.jpg 1536w\" sizes=\"auto, (max-width: 1920px) 100vw, 1920px\" \/><div class=\"wp-block-cover__inner-container is-layout-flow wp-block-cover-is-layout-flow\">\n<div class=\"wp-block-group has-global-padding is-layout-constrained wp-container-core-group-is-layout-92ef7b19 wp-block-group-is-layout-constrained\">\n<h1 class=\"wp-block-heading has-text-align-center has-base-color has-text-color has-link-color wp-elements-7c3fede7c7679196c09afeda2de59d2d\" style=\"font-style:normal;font-weight:700\">CHOOSE FROM OUR ROOMS, VENUES AND BOOK EASILY<\/h1>\n<\/div>\n\n\n\n<div class=\"wp-block-buttons is-content-justification-center is-layout-flex wp-container-core-buttons-is-layout-ba9ea59f wp-block-buttons-is-layout-flex\" style=\"margin-top:var(--wp--preset--spacing--60)\">\n<div class=\"wp-block-button is-style-fill\"><a class=\"wp-block-button__link wp-element-button\" href=\"https:\/\/dev.laterumhotel.hu\/en\/booking\/\" style=\"padding-top:var(--wp--preset--spacing--40);padding-right:var(--wp--preset--spacing--40);padding-bottom:var(--wp--preset--spacing--40);padding-left:var(--wp--preset--spacing--40)\">Booking<\/a><\/div>\n<\/div>\n<\/div><\/div>\n\n\n\n<div class=\"wp-block-group alignfull has-base-background-color has-background has-global-padding is-layout-constrained wp-block-group-is-layout-constrained\" style=\"margin-top:0;margin-bottom:0;padding-top:var(--wp--preset--spacing--80);padding-bottom:var(--wp--preset--spacing--80)\">\n<h1 class=\"wp-block-heading alignwide has-text-align-center\" style=\"padding-right:var(--wp--preset--spacing--30);padding-left:var(--wp--preset--spacing--30);font-style:normal;font-weight:700\">HOTEL LATERUM ACCOMMODATION, RESTAURANT AND EVENT VENUE<\/h1>\n\n\n\n<div class=\"wp-block-columns alignwide is-layout-flex wp-container-core-columns-is-layout-dc63b7a3 wp-block-columns-is-layout-flex\" style=\"margin-top:var(--wp--preset--spacing--60)\">\n<div class=\"wp-block-column is-layout-flow wp-block-column-is-layout-flow\" style=\"padding-right:var(--wp--preset--spacing--30);padding-left:var(--wp--preset--spacing--30)\">\n<p>Our hotel is located in the cultural center of our country, <strong>in the city of P\u00e9cs<\/strong>. The hotel offers a high standard of service and very reasonable prices in <strong>57 3* and 16 economy rooms<\/strong>.<\/p>\n\n\n\n<p>Our restaurant offers<strong> <\/strong>traditional <strong>Hungarian and international cuisine<\/strong>, with <strong>half-board or breakfast<\/strong> available for our guests.<\/p>\n\n\n\n<p>In our wellness area you will find an <strong>adventure pool, sauna, massage and whirlpool <\/strong>for total relaxation.<\/p>\n\n\n\n<p>We also welcome <strong>disabled guests<\/strong>, as the entrance of the Hotel Laterum, the restaurant and a handicapped accessible room are suitable for them.<\/p>\n\n\n\n<p>Laterum Hotel offers <strong>banqueting and conference rooms<\/strong> of various capacities. Our rooms for hire are furnished according to your needs. Our rooms are <strong>ideal for balls, conferences, press conferences and weddings<\/strong>. Our 90m<sup>2<\/sup> conference rooms are the ideal venue for corporate events or standing receptions.<\/p>\n\n\n\n<p>Our restaurant offers excellent <strong>traditional Hungarian and international cuisine, daily menu<\/strong>, a wide choice of menus and high quality service. Our delicious dishes are <strong>always prepared with fresh,<\/strong> quality raw materials.<\/p>\n\n\n\n<p><strong>Vegetarian, gluten-free or lactose-free menu? Yes!<\/strong><\/p>\n\n\n\n<p>Our hotel restaurant tries to meet all your special needs! We also offer delicious meals for <strong>gluten-free, lactose-free, sugar-free, vegetarian, vegan, kosher and paleolithic diets<\/strong>. Please let us know when booking a room or table!<\/p>\n<\/div>\n\n\n\n<div class=\"wp-block-column is-layout-flow wp-block-column-is-layout-flow\">\n<figure class=\"wp-block-image size-full\"><a href=\"https:\/\/www.google.com\/maps\/dir\/\/Hotel+Laterum+P%C3%A9cs,+P%C3%A9cs,+Hajn%C3%B3czy+J%C3%B3zsef+u,+7633\"><img loading=\"lazy\" decoding=\"async\" width=\"1340\" height=\"700\" src=\"https:\/\/dev.laterumhotel.hu\/app\/uploads\/2023\/12\/laterum-hotel-terkep.png\" alt=\"\" class=\"wp-image-1501\" srcset=\"https:\/\/dev.laterumhotel.hu\/app\/uploads\/2023\/12\/laterum-hotel-terkep.png 1340w, https:\/\/dev.laterumhotel.hu\/app\/uploads\/2023\/12\/laterum-hotel-terkep-300x157.png 300w, https:\/\/dev.laterumhotel.hu\/app\/uploads\/2023\/12\/laterum-hotel-terkep-1024x535.png 1024w, https:\/\/dev.laterumhotel.hu\/app\/uploads\/2023\/12\/laterum-hotel-terkep-768x401.png 768w\" sizes=\"auto, (max-width: 1340px) 100vw, 1340px\" \/><\/a><\/figure>\n<\/div>\n<\/div>\n\n\n<div style=\"margin-top:var(--wp--preset--spacing--80);\" class=\"alignwide wp-block-yco-motivation\">\n            <a href=\"http:\/\/en\/wellness\" class=\"wp-block-yco-motivation__item\">\n            <picture>\n                <img decoding=\"async\" src=\"https:\/\/dev.laterumhotel.hu\/app\/uploads\/2023\/10\/wellness.svg\" alt=\"Wellness\">\n            <\/picture>\n            <span>Wellness<\/span>\n        <\/a>\n            <a href=\"http:\/\/en\/wellness\/services\/massage\/\" class=\"wp-block-yco-motivation__item\">\n            <picture>\n                <img decoding=\"async\" src=\"https:\/\/dev.laterumhotel.hu\/app\/uploads\/2023\/10\/masszazs.svg\" alt=\"Massage\">\n            <\/picture>\n            <span>Massage<\/span>\n        <\/a>\n            <a href=\"http:\/\/en\/wellness\/services\/gym\/\" class=\"wp-block-yco-motivation__item\">\n            <picture>\n                <img decoding=\"async\" src=\"https:\/\/dev.laterumhotel.hu\/app\/uploads\/2023\/10\/fitness.svg\" alt=\"Gym\">\n            <\/picture>\n            <span>Gym<\/span>\n        <\/a>\n    <\/div>\n<\/div>\n\n\n\n<div class=\"wp-block-group alignfull has-base-background-color has-background has-global-padding is-layout-constrained wp-block-group-is-layout-constrained\" style=\"margin-top:0;margin-bottom:0;padding-top:var(--wp--preset--spacing--80);padding-bottom:var(--wp--preset--spacing--80)\">\n<div class=\"wp-block-group has-global-padding is-layout-constrained wp-container-core-group-is-layout-41c06ba8 wp-block-group-is-layout-constrained\">\n<h2 class=\"wp-block-heading is-style-line-decoration has-xx-large-font-size\" style=\"font-style:normal;font-weight:700;text-transform:uppercase\">gallery<\/h2>\n<\/div>\n\n\n\n<figure class=\"wp-block-gallery alignwide has-nested-images columns-5 is-cropped wp-block-gallery-1 is-layout-flex wp-block-gallery-is-layout-flex\" style=\"margin-top:var(--wp--preset--spacing--80)\">\n<figure class=\"wp-block-image size-full\"><img loading=\"lazy\" decoding=\"async\" width=\"800\" height=\"543\" data-id=\"580\" src=\"https:\/\/dev.laterumhotel.hu\/app\/uploads\/2023\/11\/lakosztaly.jpg\" alt=\"\" class=\"wp-image-580\" srcset=\"https:\/\/dev.laterumhotel.hu\/app\/uploads\/2023\/11\/lakosztaly.jpg 800w, https:\/\/dev.laterumhotel.hu\/app\/uploads\/2023\/11\/lakosztaly-300x204.jpg 300w, https:\/\/dev.laterumhotel.hu\/app\/uploads\/2023\/11\/lakosztaly-768x521.jpg 768w\" sizes=\"auto, (max-width: 800px) 100vw, 800px\" \/><\/figure>\n\n\n\n<figure class=\"wp-block-image size-large\"><img loading=\"lazy\" decoding=\"async\" width=\"1024\" height=\"683\" data-id=\"156\" src=\"https:\/\/dev.laterumhotel.hu\/app\/uploads\/2023\/10\/av4w1366-1024x683.jpg\" alt=\"\" class=\"wp-image-156\" srcset=\"https:\/\/dev.laterumhotel.hu\/app\/uploads\/2023\/10\/av4w1366-1024x683.jpg 1024w, https:\/\/dev.laterumhotel.hu\/app\/uploads\/2023\/10\/av4w1366-300x200.jpg 300w, https:\/\/dev.laterumhotel.hu\/app\/uploads\/2023\/10\/av4w1366-768x512.jpg 768w, https:\/\/dev.laterumhotel.hu\/app\/uploads\/2023\/10\/av4w1366.jpg 1536w\" sizes=\"auto, (max-width: 1024px) 100vw, 1024px\" \/><\/figure>\n\n\n\n<figure class=\"wp-block-image size-large\"><img loading=\"lazy\" decoding=\"async\" width=\"800\" height=\"533\" data-id=\"153\" src=\"https:\/\/dev.laterumhotel.hu\/app\/uploads\/2023\/10\/pecsi-hotel-laterum-wellness-2.jpg\" alt=\"\" class=\"wp-image-153\" srcset=\"https:\/\/dev.laterumhotel.hu\/app\/uploads\/2023\/10\/pecsi-hotel-laterum-wellness-2.jpg 800w, https:\/\/dev.laterumhotel.hu\/app\/uploads\/2023\/10\/pecsi-hotel-laterum-wellness-2-300x200.jpg 300w, https:\/\/dev.laterumhotel.hu\/app\/uploads\/2023\/10\/pecsi-hotel-laterum-wellness-2-768x512.jpg 768w\" sizes=\"auto, (max-width: 800px) 100vw, 800px\" \/><\/figure>\n\n\n\n<figure class=\"wp-block-image size-large\"><img loading=\"lazy\" decoding=\"async\" width=\"800\" height=\"531\" data-id=\"149\" src=\"https:\/\/dev.laterumhotel.hu\/app\/uploads\/2023\/10\/fobejarat-laterum.jpg\" alt=\"\" class=\"wp-image-149\" srcset=\"https:\/\/dev.laterumhotel.hu\/app\/uploads\/2023\/10\/fobejarat-laterum.jpg 800w, https:\/\/dev.laterumhotel.hu\/app\/uploads\/2023\/10\/fobejarat-laterum-300x199.jpg 300w, https:\/\/dev.laterumhotel.hu\/app\/uploads\/2023\/10\/fobejarat-laterum-768x510.jpg 768w\" sizes=\"auto, (max-width: 800px) 100vw, 800px\" \/><\/figure>\n\n\n\n<figure class=\"wp-block-image size-full\"><img loading=\"lazy\" decoding=\"async\" width=\"450\" height=\"600\" data-id=\"582\" src=\"https:\/\/dev.laterumhotel.hu\/app\/uploads\/2023\/11\/ujpolice.jpg\" alt=\"\" class=\"wp-image-582\" srcset=\"https:\/\/dev.laterumhotel.hu\/app\/uploads\/2023\/11\/ujpolice.jpg 450w, https:\/\/dev.laterumhotel.hu\/app\/uploads\/2023\/11\/ujpolice-225x300.jpg 225w\" sizes=\"auto, (max-width: 450px) 100vw, 450px\" \/><\/figure>\n\n\n\n<figure class=\"wp-block-image size-large\"><img loading=\"lazy\" decoding=\"async\" width=\"1024\" height=\"683\" data-id=\"157\" src=\"https:\/\/dev.laterumhotel.hu\/app\/uploads\/2023\/10\/laterum-etterem-eskuvo-arany-1-1024x683.jpg\" alt=\"\" class=\"wp-image-157\" srcset=\"https:\/\/dev.laterumhotel.hu\/app\/uploads\/2023\/10\/laterum-etterem-eskuvo-arany-1-1024x683.jpg 1024w, https:\/\/dev.laterumhotel.hu\/app\/uploads\/2023\/10\/laterum-etterem-eskuvo-arany-1-300x200.jpg 300w, https:\/\/dev.laterumhotel.hu\/app\/uploads\/2023\/10\/laterum-etterem-eskuvo-arany-1-768x512.jpg 768w, https:\/\/dev.laterumhotel.hu\/app\/uploads\/2023\/10\/laterum-etterem-eskuvo-arany-1.jpg 1200w\" sizes=\"auto, (max-width: 1024px) 100vw, 1024px\" \/><\/figure>\n\n\n\n<figure class=\"wp-block-image size-large\"><img loading=\"lazy\" decoding=\"async\" width=\"1024\" height=\"683\" data-id=\"155\" src=\"https:\/\/dev.laterumhotel.hu\/app\/uploads\/2023\/10\/av4w1246-1024x683.jpg\" alt=\"\" class=\"wp-image-155\" srcset=\"https:\/\/dev.laterumhotel.hu\/app\/uploads\/2023\/10\/av4w1246-1024x683.jpg 1024w, https:\/\/dev.laterumhotel.hu\/app\/uploads\/2023\/10\/av4w1246-300x200.jpg 300w, https:\/\/dev.laterumhotel.hu\/app\/uploads\/2023\/10\/av4w1246-768x512.jpg 768w, https:\/\/dev.laterumhotel.hu\/app\/uploads\/2023\/10\/av4w1246.jpg 1536w\" sizes=\"auto, (max-width: 1024px) 100vw, 1024px\" \/><\/figure>\n\n\n\n<figure class=\"wp-block-image size-full\"><img loading=\"lazy\" decoding=\"async\" width=\"800\" height=\"597\" data-id=\"583\" src=\"https:\/\/dev.laterumhotel.hu\/app\/uploads\/2023\/11\/401.jpg\" alt=\"\" class=\"wp-image-583\" srcset=\"https:\/\/dev.laterumhotel.hu\/app\/uploads\/2023\/11\/401.jpg 800w, https:\/\/dev.laterumhotel.hu\/app\/uploads\/2023\/11\/401-300x224.jpg 300w, https:\/\/dev.laterumhotel.hu\/app\/uploads\/2023\/11\/401-768x573.jpg 768w\" sizes=\"auto, (max-width: 800px) 100vw, 800px\" \/><\/figure>\n\n\n\n<figure class=\"wp-block-image size-full\"><img loading=\"lazy\" decoding=\"async\" width=\"450\" height=\"600\" data-id=\"584\" src=\"https:\/\/dev.laterumhotel.hu\/app\/uploads\/2023\/11\/napkollektor4.jpg\" alt=\"\" class=\"wp-image-584\" srcset=\"https:\/\/dev.laterumhotel.hu\/app\/uploads\/2023\/11\/napkollektor4.jpg 450w, https:\/\/dev.laterumhotel.hu\/app\/uploads\/2023\/11\/napkollektor4-225x300.jpg 225w\" sizes=\"auto, (max-width: 450px) 100vw, 450px\" \/><\/figure>\n<\/figure>\n\n\n\n<div class=\"wp-block-buttons is-content-justification-center is-layout-flex wp-container-core-buttons-is-layout-b30bd9b3 wp-block-buttons-is-layout-flex\" style=\"margin-top:var(--wp--preset--spacing--70)\">\n<div class=\"wp-block-button is-style-darker-button\"><a class=\"wp-block-button__link has-text-align-center wp-element-button\" href=\"\/en\/photo-gallery\" target=\"_blank\" rel=\"noreferrer noopener\">more pictures<\/a><\/div>\n<\/div>\n<\/div>\n\n\n<div class=\"Szechenyi2020 align wp-block-yco-szechenyi-2020\">\n    <a href=\"https:\/\/dev.laterumhotel.hu\/palyazatok\">\n        <img decoding=\"async\" src=\"https:\/\/dev.laterumhotel.hu\/app\/uploads\/2023\/11\/szechenyi-2020-szocialis-alap-bottom.png\" alt=\"Sz\u00e9chenyi 2020 log\u00f3\">\n    <\/a>\n<\/div>\n","protected":false},"excerpt":{"rendered":"<p>HOTEL LATERUM ACCOMMODATION, RESTAURANT AND EVENT VENUE Our hotel is located in the cultural center of our country, in the city of P\u00e9cs. The hotel offers a high standard of service and very reasonable prices in 57 3* and 16 economy rooms. Our restaurant offers traditional Hungarian and international cuisine, with half-board or breakfast available [&hellip;]<\/p>\n","protected":false},"author":1,"featured_media":0,"parent":0,"menu_order":0,"comment_status":"closed","ping_status":"closed","template":"","meta":{"_acf_changed":false,"inline_featured_image":false,"footnotes":""},"class_list":["post-1565","page","type-page","status-publish","hentry"],"acf":[],"yoast_head":"<!-- This site is optimized with the Yoast SEO plugin v27.4 - https:\/\/yoast.com\/product\/yoast-seo-wordpress\/ -->\n<title>Sz\u00e1ll\u00e1s, wellness \u00e9s rendezv\u00e9nyhelysz\u00edn P\u00e9csen - Hotel Laterum<\/title>\n<meta name=\"description\" content=\"Hotel, \u00e9tterem, rendezv\u00e9nyterem \u00e9s wellness sz\u00e1lloda P\u00e9csen. Sz\u00e1ll\u00e1s a Hotel Laterumban.\" \/>\n<meta name=\"robots\" content=\"noindex, follow, max-snippet:-1, max-image-preview:large, max-video-preview:-1\" \/>\n<meta property=\"og:locale\" content=\"en_US\" \/>\n<meta property=\"og:type\" content=\"article\" \/>\n<meta property=\"og:title\" content=\"Sz\u00e1ll\u00e1s, wellness \u00e9s rendezv\u00e9nyhelysz\u00edn P\u00e9csen - Hotel Laterum\" \/>\n<meta property=\"og:description\" content=\"Hotel, \u00e9tterem, rendezv\u00e9nyterem \u00e9s wellness sz\u00e1lloda P\u00e9csen. Sz\u00e1ll\u00e1s a Hotel Laterumban.\" \/>\n<meta property=\"og:url\" content=\"https:\/\/dev.laterumhotel.hu\/en\/\" \/>\n<meta property=\"og:site_name\" content=\"Hotel Laterum\" \/>\n<meta property=\"article:publisher\" content=\"https:\/\/www.facebook.com\/Hotel.Laterum\" \/>\n<meta property=\"article:modified_time\" content=\"2024-03-22T06:39:37+00:00\" \/>\n<meta property=\"og:image\" content=\"https:\/\/dev.laterumhotel.hu\/app\/uploads\/2023\/10\/front-page-bg.jpg\" \/>\n<meta name=\"twitter:card\" content=\"summary_large_image\" \/>\n<meta name=\"twitter:site\" content=\"@laterumhotel\" \/>\n<meta name=\"twitter:label1\" content=\"Est. reading time\" \/>\n\t<meta name=\"twitter:data1\" content=\"4 minutes\" \/>\n<script type=\"application\/ld+json\" class=\"yoast-schema-graph\">{\"@context\":\"https:\\\/\\\/schema.org\",\"@graph\":[{\"@type\":\"WebPage\",\"@id\":\"https:\\\/\\\/dev.laterumhotel.hu\\\/en\\\/\",\"url\":\"https:\\\/\\\/dev.laterumhotel.hu\\\/en\\\/\",\"name\":\"Sz\u00e1ll\u00e1s, wellness \u00e9s rendezv\u00e9nyhelysz\u00edn P\u00e9csen - Hotel Laterum\",\"isPartOf\":{\"@id\":\"https:\\\/\\\/dev.laterumhotel.hu\\\/en\\\/#website\"},\"primaryImageOfPage\":{\"@id\":\"https:\\\/\\\/dev.laterumhotel.hu\\\/en\\\/#primaryimage\"},\"image\":{\"@id\":\"https:\\\/\\\/dev.laterumhotel.hu\\\/en\\\/#primaryimage\"},\"thumbnailUrl\":\"https:\\\/\\\/dev.laterumhotel.hu\\\/app\\\/uploads\\\/2023\\\/10\\\/front-page-bg.jpg\",\"datePublished\":\"2023-09-26T06:44:40+00:00\",\"dateModified\":\"2024-03-22T06:39:37+00:00\",\"description\":\"Hotel, \u00e9tterem, rendezv\u00e9nyterem \u00e9s wellness sz\u00e1lloda P\u00e9csen. Sz\u00e1ll\u00e1s a Hotel Laterumban.\",\"breadcrumb\":{\"@id\":\"https:\\\/\\\/dev.laterumhotel.hu\\\/en\\\/#breadcrumb\"},\"inLanguage\":\"en-US\",\"potentialAction\":[{\"@type\":\"ReadAction\",\"target\":[\"https:\\\/\\\/dev.laterumhotel.hu\\\/en\\\/\"]}]},{\"@type\":\"ImageObject\",\"inLanguage\":\"en-US\",\"@id\":\"https:\\\/\\\/dev.laterumhotel.hu\\\/en\\\/#primaryimage\",\"url\":\"https:\\\/\\\/dev.laterumhotel.hu\\\/app\\\/uploads\\\/2023\\\/10\\\/front-page-bg.jpg\",\"contentUrl\":\"https:\\\/\\\/dev.laterumhotel.hu\\\/app\\\/uploads\\\/2023\\\/10\\\/front-page-bg.jpg\"},{\"@type\":\"BreadcrumbList\",\"@id\":\"https:\\\/\\\/dev.laterumhotel.hu\\\/en\\\/#breadcrumb\",\"itemListElement\":[{\"@type\":\"ListItem\",\"position\":1,\"name\":\"Homepage\",\"item\":\"https:\\\/\\\/dev.laterumhotel.hu\\\/en\\\/\"},{\"@type\":\"ListItem\",\"position\":2,\"name\":\"Home\"}]},{\"@type\":\"WebSite\",\"@id\":\"https:\\\/\\\/dev.laterumhotel.hu\\\/en\\\/#website\",\"url\":\"https:\\\/\\\/dev.laterumhotel.hu\\\/en\\\/\",\"name\":\"Hotel Laterum\",\"description\":\"\",\"publisher\":{\"@id\":\"https:\\\/\\\/dev.laterumhotel.hu\\\/en\\\/#organization\"},\"potentialAction\":[{\"@type\":\"SearchAction\",\"target\":{\"@type\":\"EntryPoint\",\"urlTemplate\":\"https:\\\/\\\/dev.laterumhotel.hu\\\/en\\\/?s={search_term_string}\"},\"query-input\":{\"@type\":\"PropertyValueSpecification\",\"valueRequired\":true,\"valueName\":\"search_term_string\"}}],\"inLanguage\":\"en-US\"},{\"@type\":\"Organization\",\"@id\":\"https:\\\/\\\/dev.laterumhotel.hu\\\/en\\\/#organization\",\"name\":\"Hotel Laterum\",\"url\":\"https:\\\/\\\/dev.laterumhotel.hu\\\/en\\\/\",\"logo\":{\"@type\":\"ImageObject\",\"inLanguage\":\"en-US\",\"@id\":\"https:\\\/\\\/dev.laterumhotel.hu\\\/en\\\/#\\\/schema\\\/logo\\\/image\\\/\",\"url\":\"https:\\\/\\\/dev.laterumhotel.hu\\\/app\\\/uploads\\\/2024\\\/01\\\/laterum-logo-uj.svg\",\"contentUrl\":\"https:\\\/\\\/dev.laterumhotel.hu\\\/app\\\/uploads\\\/2024\\\/01\\\/laterum-logo-uj.svg\",\"caption\":\"Hotel Laterum\"},\"image\":{\"@id\":\"https:\\\/\\\/dev.laterumhotel.hu\\\/en\\\/#\\\/schema\\\/logo\\\/image\\\/\"},\"sameAs\":[\"https:\\\/\\\/www.facebook.com\\\/Hotel.Laterum\",\"https:\\\/\\\/x.com\\\/laterumhotel\"]}]}<\/script>\n<!-- \/ Yoast SEO plugin. -->","yoast_head_json":{"title":"Sz\u00e1ll\u00e1s, wellness \u00e9s rendezv\u00e9nyhelysz\u00edn P\u00e9csen - Hotel Laterum","description":"Hotel, \u00e9tterem, rendezv\u00e9nyterem \u00e9s wellness sz\u00e1lloda P\u00e9csen. Sz\u00e1ll\u00e1s a Hotel Laterumban.","robots":{"index":"noindex","follow":"follow","max-snippet":"max-snippet:-1","max-image-preview":"max-image-preview:large","max-video-preview":"max-video-preview:-1"},"og_locale":"en_US","og_type":"article","og_title":"Sz\u00e1ll\u00e1s, wellness \u00e9s rendezv\u00e9nyhelysz\u00edn P\u00e9csen - Hotel Laterum","og_description":"Hotel, \u00e9tterem, rendezv\u00e9nyterem \u00e9s wellness sz\u00e1lloda P\u00e9csen. Sz\u00e1ll\u00e1s a Hotel Laterumban.","og_url":"https:\/\/dev.laterumhotel.hu\/en\/","og_site_name":"Hotel Laterum","article_publisher":"https:\/\/www.facebook.com\/Hotel.Laterum","article_modified_time":"2024-03-22T06:39:37+00:00","og_image":[{"url":"https:\/\/dev.laterumhotel.hu\/app\/uploads\/2023\/10\/front-page-bg.jpg","type":"","width":"","height":""}],"twitter_card":"summary_large_image","twitter_site":"@laterumhotel","twitter_misc":{"Est. reading time":"4 minutes"},"schema":{"@context":"https:\/\/schema.org","@graph":[{"@type":"WebPage","@id":"https:\/\/dev.laterumhotel.hu\/en\/","url":"https:\/\/dev.laterumhotel.hu\/en\/","name":"Sz\u00e1ll\u00e1s, wellness \u00e9s rendezv\u00e9nyhelysz\u00edn P\u00e9csen - Hotel Laterum","isPartOf":{"@id":"https:\/\/dev.laterumhotel.hu\/en\/#website"},"primaryImageOfPage":{"@id":"https:\/\/dev.laterumhotel.hu\/en\/#primaryimage"},"image":{"@id":"https:\/\/dev.laterumhotel.hu\/en\/#primaryimage"},"thumbnailUrl":"https:\/\/dev.laterumhotel.hu\/app\/uploads\/2023\/10\/front-page-bg.jpg","datePublished":"2023-09-26T06:44:40+00:00","dateModified":"2024-03-22T06:39:37+00:00","description":"Hotel, \u00e9tterem, rendezv\u00e9nyterem \u00e9s wellness sz\u00e1lloda P\u00e9csen. Sz\u00e1ll\u00e1s a Hotel Laterumban.","breadcrumb":{"@id":"https:\/\/dev.laterumhotel.hu\/en\/#breadcrumb"},"inLanguage":"en-US","potentialAction":[{"@type":"ReadAction","target":["https:\/\/dev.laterumhotel.hu\/en\/"]}]},{"@type":"ImageObject","inLanguage":"en-US","@id":"https:\/\/dev.laterumhotel.hu\/en\/#primaryimage","url":"https:\/\/dev.laterumhotel.hu\/app\/uploads\/2023\/10\/front-page-bg.jpg","contentUrl":"https:\/\/dev.laterumhotel.hu\/app\/uploads\/2023\/10\/front-page-bg.jpg"},{"@type":"BreadcrumbList","@id":"https:\/\/dev.laterumhotel.hu\/en\/#breadcrumb","itemListElement":[{"@type":"ListItem","position":1,"name":"Homepage","item":"https:\/\/dev.laterumhotel.hu\/en\/"},{"@type":"ListItem","position":2,"name":"Home"}]},{"@type":"WebSite","@id":"https:\/\/dev.laterumhotel.hu\/en\/#website","url":"https:\/\/dev.laterumhotel.hu\/en\/","name":"Hotel Laterum","description":"","publisher":{"@id":"https:\/\/dev.laterumhotel.hu\/en\/#organization"},"potentialAction":[{"@type":"SearchAction","target":{"@type":"EntryPoint","urlTemplate":"https:\/\/dev.laterumhotel.hu\/en\/?s={search_term_string}"},"query-input":{"@type":"PropertyValueSpecification","valueRequired":true,"valueName":"search_term_string"}}],"inLanguage":"en-US"},{"@type":"Organization","@id":"https:\/\/dev.laterumhotel.hu\/en\/#organization","name":"Hotel Laterum","url":"https:\/\/dev.laterumhotel.hu\/en\/","logo":{"@type":"ImageObject","inLanguage":"en-US","@id":"https:\/\/dev.laterumhotel.hu\/en\/#\/schema\/logo\/image\/","url":"https:\/\/dev.laterumhotel.hu\/app\/uploads\/2024\/01\/laterum-logo-uj.svg","contentUrl":"https:\/\/dev.laterumhotel.hu\/app\/uploads\/2024\/01\/laterum-logo-uj.svg","caption":"Hotel Laterum"},"image":{"@id":"https:\/\/dev.laterumhotel.hu\/en\/#\/schema\/logo\/image\/"},"sameAs":["https:\/\/www.facebook.com\/Hotel.Laterum","https:\/\/x.com\/laterumhotel"]}]}},"_links":{"self":[{"href":"https:\/\/dev.laterumhotel.hu\/en\/wp-json\/wp\/v2\/pages\/1565","targetHints":{"allow":["GET"]}}],"collection":[{"href":"https:\/\/dev.laterumhotel.hu\/en\/wp-json\/wp\/v2\/pages"}],"about":[{"href":"https:\/\/dev.laterumhotel.hu\/en\/wp-json\/wp\/v2\/types\/page"}],"author":[{"embeddable":true,"href":"https:\/\/dev.laterumhotel.hu\/en\/wp-json\/wp\/v2\/users\/1"}],"replies":[{"embeddable":true,"href":"https:\/\/dev.laterumhotel.hu\/en\/wp-json\/wp\/v2\/comments?post=1565"}],"version-history":[{"count":22,"href":"https:\/\/dev.laterumhotel.hu\/en\/wp-json\/wp\/v2\/pages\/1565\/revisions"}],"predecessor-version":[{"id":2013,"href":"https:\/\/dev.laterumhotel.hu\/en\/wp-json\/wp\/v2\/pages\/1565\/revisions\/2013"}],"wp:attachment":[{"href":"https:\/\/dev.laterumhotel.hu\/en\/wp-json\/wp\/v2\/media?parent=1565"}],"curies":[{"name":"wp","href":"https:\/\/api.w.org\/{rel}","templated":true}]}}